{"id":12980,"date":"2022-09-30T12:52:12","date_gmt":"2022-09-30T19:52:12","guid":{"rendered":"https:\/\/www.coloradolaw.net\/es\/?page_id=12980"},"modified":"2025-04-21T15:26:45","modified_gmt":"2025-04-21T22:26:45","slug":"10-razones","status":"publish","type":"page","link":"https:\/\/www.coloradolaw.net\/es\/10-razones\/","title":{"rendered":"10 Razones Para Elegir a Bachus &amp; Schanker Como Su Bufete de Abogados"},"content":{"rendered":"<style>.kb-row-layout-id12980_be403c-fe > .kt-row-column-wrap{align-content:start;}:where(.kb-row-layout-id12980_be403c-fe > .kt-row-column-wrap) > .wp-block-kadence-column{justify-content:start;}.kb-row-layout-id12980_be403c-fe > .kt-row-column-wrap{column-gap:var(--global-kb-gap-md, 2rem);row-gap:var(--global-kb-gap-md, 2rem);padding-top:25px;padding-right:50px;padding-bottom:25px;padding-left:50px;grid-template-columns:minmax(0, 1fr);}.kb-row-layout-id12980_be403c-fe > .kt-row-layout-overlay{opacity:0.30;}@media all and (max-width: 1024px){.kb-row-layout-id12980_be403c-fe > .kt-row-column-wrap{grid-template-columns:minmax(0, 1fr);}}@media all and (max-width: 767px){.kb-row-layout-id12980_be403c-fe > .kt-row-column-wrap{grid-template-columns:minmax(0, 1fr);}}<\/style><div class=\"kb-row-layout-wrap kb-row-layout-id12980_be403c-fe alignnone wp-block-kadence-rowlayout\"><div class=\"kt-row-column-wrap kt-has-1-columns kt-row-layout-equal kt-tab-layout-inherit kt-mobile-layout-row kt-row-valign-top\">\n<style>.kadence-column12980_3447ed-4d > .kt-inside-inner-col{padding-top:0px;padding-right:0px;padding-bottom:0px;padding-left:0px;}.kadence-column12980_3447ed-4d > .kt-inside-inner-col,.kadence-column12980_3447ed-4d > .kt-inside-inner-col:before{border-top-left-radius:0px;border-top-right-radius:0px;border-bottom-right-radius:0px;border-bottom-left-radius:0px;}.kadence-column12980_3447ed-4d > .kt-inside-inner-col{column-gap:var(--global-kb-gap-sm, 1rem);}.kadence-column12980_3447ed-4d > .kt-inside-inner-col{flex-direction:column;}.kadence-column12980_3447ed-4d > .kt-inside-inner-col > .aligncenter{width:100%;}.kadence-column12980_3447ed-4d > .kt-inside-inner-col:before{opacity:0.3;}.kadence-column12980_3447ed-4d{position:relative;}.kadence-column12980_3447ed-4d, .kt-inside-inner-col > .kadence-column12980_3447ed-4d:not(.specificity){margin-top:0px;margin-right:0px;margin-bottom:0px;margin-left:0px;}@media all and (max-width: 1024px){.kadence-column12980_3447ed-4d > .kt-inside-inner-col{flex-direction:column;justify-content:center;}}@media all and (max-width: 767px){.kadence-column12980_3447ed-4d > .kt-inside-inner-col{flex-direction:column;justify-content:center;}}<\/style>\n<div class=\"wp-block-kadence-column kadence-column12980_3447ed-4d inner-column-1\"><div class=\"kt-inside-inner-col\">\n<h1 class=\"wp-block-heading\">10 Razones Para Elegir a Bachus &amp; Schanker Como Su Bufete de Abogados<\/h1>\n<\/div><\/div>\n\n<\/div><\/div>\n\n\n<div class=\"wp-block-columns are-vertically-aligned-center has-background is-layout-flex wp-container-core-columns-is-layout-9d6595d7 wp-block-columns-is-layout-flex\" style=\"background-color:#e9e9e9\">\n<div class=\"wp-block-column is-vertically-aligned-center is-layout-flow wp-block-column-is-layout-flow\" style=\"padding-top:20px;padding-right:20px;padding-bottom:20px;padding-left:20px\">\n<h2 class=\"wp-block-heading\">1. <strong>EXPERIENCIA<\/strong><\/h2>\n<\/div>\n\n\n\n<div class=\"wp-block-column is-vertically-aligned-center is-layout-flow wp-block-column-is-layout-flow\">\n<p>Desde 1997, nuestros abogados han representado a m\u00e1s de<\/p>\n\n\n<style>.kb-count-up-12980_c540ee-b3 .kb-count-up-title{padding-top:0px;margin-top:0px;}.kb-count-up-12980_c540ee-b3 .kb-count-up-number{font-size:50px;}.kb-count-up-12980_c540ee-b3 .kb-count-up-number{padding-top:0px;margin-top:0px;}<\/style>\n<div class=\"wp-block-kadence-countup kb-count-up-12980_c540ee-b3 kb-count-up\" data-start=\"0\" data-end=\"10000\" data-prefix=\"\" data-suffix=\"\" data-duration=\"2.5\" data-separator=\",\"><div class=\"kb-count-up-process kb-count-up-number\"><\/div><div class=\"kb-count-up-title\">personas.<\/div><\/div>\n<\/div>\n<\/div>\n\n\n<style>.kb-row-layout-id12980_84eb98-99 > .kt-row-column-wrap{align-content:start;}:where(.kb-row-layout-id12980_84eb98-99 > .kt-row-column-wrap) > .wp-block-kadence-column{justify-content:start;}.kb-row-layout-id12980_84eb98-99 > .kt-row-column-wrap{column-gap:var(--global-kb-gap-md, 2rem);row-gap:var(--global-kb-gap-md, 2rem);padding-top:0px;padding-right:50px;padding-bottom:25px;padding-left:50px;grid-template-columns:minmax(0, 1fr);}.kb-row-layout-id12980_84eb98-99 > .kt-row-layout-overlay{opacity:0.30;}@media all and (max-width: 1024px){.kb-row-layout-id12980_84eb98-99 > .kt-row-column-wrap{grid-template-columns:minmax(0, 1fr);}}@media all and (max-width: 767px){.kb-row-layout-id12980_84eb98-99 > .kt-row-column-wrap{grid-template-columns:minmax(0, 1fr);}}<\/style><div class=\"kb-row-layout-wrap kb-row-layout-id12980_84eb98-99 alignnone wp-block-kadence-rowlayout\"><div class=\"kt-row-column-wrap kt-has-1-columns kt-row-layout-equal kt-tab-layout-inherit kt-mobile-layout-row kt-row-valign-top\">\n<style>.kadence-column12980_294fa3-97 > .kt-inside-inner-col,.kadence-column12980_294fa3-97 > .kt-inside-inner-col:before{border-top-left-radius:0px;border-top-right-radius:0px;border-bottom-right-radius:0px;border-bottom-left-radius:0px;}.kadence-column12980_294fa3-97 > .kt-inside-inner-col{column-gap:var(--global-kb-gap-sm, 1rem);}.kadence-column12980_294fa3-97 > .kt-inside-inner-col{flex-direction:column;}.kadence-column12980_294fa3-97 > .kt-inside-inner-col > .aligncenter{width:100%;}.kadence-column12980_294fa3-97 > .kt-inside-inner-col:before{opacity:0.3;}.kadence-column12980_294fa3-97{position:relative;}@media all and (max-width: 1024px){.kadence-column12980_294fa3-97 > .kt-inside-inner-col{flex-direction:column;justify-content:center;}}@media all and (max-width: 767px){.kadence-column12980_294fa3-97 > .kt-inside-inner-col{flex-direction:column;justify-content:center;}}<\/style>\n<div class=\"wp-block-kadence-column kadence-column12980_294fa3-97 inner-column-1\"><div class=\"kt-inside-inner-col\">\n<h2 class=\"wp-block-heading\">2. <strong>REPUTACI\u00d3N<\/strong><\/h2>\n\n\n\n<p>Nombrados entre los \u201cMejores 500 abogados de lesiones personales en Norteam\u00e9rica\u201d de parte de LawDragon, \u201cS\u00faper abogados\u201d de Colorado por los a\u00f1os 2007, 2008, 2009, 2010, 2011, 2012, 2013, 2014, 2015 y 2016 y galardonados con la calificaci\u00f3n m\u00e1s alta por capacidad y \u00e9tica de parte de Martindale Hubbell, el servicio de calificaci\u00f3n de abogados m\u00e1s antiguo en Norteam\u00e9rica. El bufete es muy reconocido y respetado en toda la naci\u00f3n.<\/p>\n\n\n<style>.kb-row-layout-id12980_b3ef08-21 > .kt-row-column-wrap{align-content:center;}:where(.kb-row-layout-id12980_b3ef08-21 > .kt-row-column-wrap) > .wp-block-kadence-column{justify-content:center;}.kb-row-layout-id12980_b3ef08-21 > .kt-row-column-wrap{column-gap:var(--global-kb-gap-md, 2rem);row-gap:var(--global-kb-gap-md, 2rem);padding-top:0px;padding-bottom:0px;}.kb-row-layout-id12980_b3ef08-21 > .kt-row-column-wrap > div:not(.added-for-specificity){grid-column:initial;}.kb-row-layout-id12980_b3ef08-21 > .kt-row-column-wrap{grid-template-columns:repeat(3, minmax(0, 1fr));}.kb-row-layout-id12980_b3ef08-21 > .kt-row-layout-overlay{opacity:0.30;}@media all and (max-width: 1024px){.kb-row-layout-id12980_b3ef08-21 > .kt-row-column-wrap > div:not(.added-for-specificity){grid-column:initial;}}@media all and (max-width: 1024px){.kb-row-layout-id12980_b3ef08-21 > .kt-row-column-wrap{grid-template-columns:repeat(3, minmax(0, 1fr));}}@media all and (max-width: 767px){.kb-row-layout-id12980_b3ef08-21 > .kt-row-column-wrap > div:not(.added-for-specificity){grid-column:initial;}.kb-row-layout-id12980_b3ef08-21 > .kt-row-column-wrap{grid-template-columns:minmax(0, 1fr);}}<\/style><div class=\"kb-row-layout-wrap kb-row-layout-id12980_b3ef08-21 alignnone wp-block-kadence-rowlayout\"><div class=\"kt-row-column-wrap kt-has-3-columns kt-row-layout-equal kt-tab-layout-inherit kt-mobile-layout-row kt-row-valign-middle\">\n<style>.kadence-column12980_2997a4-b1 > .kt-inside-inner-col{display:flex;}.kadence-column12980_2997a4-b1 > .kt-inside-inner-col,.kadence-column12980_2997a4-b1 > .kt-inside-inner-col:before{border-top-left-radius:0px;border-top-right-radius:0px;border-bottom-right-radius:0px;border-bottom-left-radius:0px;}.kadence-column12980_2997a4-b1 > .kt-inside-inner-col{column-gap:var(--global-kb-gap-sm, 1rem);}.kadence-column12980_2997a4-b1 > .kt-inside-inner-col{flex-direction:row;flex-wrap:wrap;align-items:center;justify-content:center;}.kadence-column12980_2997a4-b1 > .kt-inside-inner-col > *, .kadence-column12980_2997a4-b1 > .kt-inside-inner-col > figure.wp-block-image, .kadence-column12980_2997a4-b1 > .kt-inside-inner-col > figure.wp-block-kadence-image{margin-top:0px;margin-bottom:0px;}.kadence-column12980_2997a4-b1 > .kt-inside-inner-col > .kb-image-is-ratio-size{flex-grow:1;}.kt-row-column-wrap > .kadence-column12980_2997a4-b1{align-self:center;}.kt-inner-column-height-full:not(.kt-has-1-columns) > .wp-block-kadence-column.kadence-column12980_2997a4-b1{align-self:auto;}.kt-inner-column-height-full:not(.kt-has-1-columns) > .wp-block-kadence-column.kadence-column12980_2997a4-b1 > .kt-inside-inner-col{align-items:center;}.kadence-column12980_2997a4-b1 > .kt-inside-inner-col:before{opacity:0.3;}.kadence-column12980_2997a4-b1{text-align:center;}.kadence-column12980_2997a4-b1{position:relative;}@media all and (max-width: 1024px){.kt-row-column-wrap > .kadence-column12980_2997a4-b1{align-self:center;}}@media all and (max-width: 1024px){.kt-inner-column-height-full:not(.kt-has-1-columns) > .wp-block-kadence-column.kadence-column12980_2997a4-b1{align-self:auto;}}@media all and (max-width: 1024px){.kt-inner-column-height-full:not(.kt-has-1-columns) > .wp-block-kadence-column.kadence-column12980_2997a4-b1 > .kt-inside-inner-col{align-items:center;}}@media all and (max-width: 1024px){.kadence-column12980_2997a4-b1 > .kt-inside-inner-col{flex-direction:row;flex-wrap:wrap;align-items:center;justify-content:center;}}@media all and (min-width: 768px) and (max-width: 1024px){.kadence-column12980_2997a4-b1 > .kt-inside-inner-col > *, .kadence-column12980_2997a4-b1 > .kt-inside-inner-col > figure.wp-block-image, .kadence-column12980_2997a4-b1 > .kt-inside-inner-col > figure.wp-block-kadence-image{margin-top:0px;margin-bottom:0px;}.kadence-column12980_2997a4-b1 > .kt-inside-inner-col > .kb-image-is-ratio-size{flex-grow:1;}}@media all and (max-width: 767px){.kt-row-column-wrap > .kadence-column12980_2997a4-b1{align-self:center;}.kt-inner-column-height-full:not(.kt-has-1-columns) > .wp-block-kadence-column.kadence-column12980_2997a4-b1{align-self:auto;}.kt-inner-column-height-full:not(.kt-has-1-columns) > .wp-block-kadence-column.kadence-column12980_2997a4-b1 > .kt-inside-inner-col{align-items:center;}.kadence-column12980_2997a4-b1 > .kt-inside-inner-col{flex-direction:row;flex-wrap:wrap;justify-content:flex-start;justify-content:center;}.kadence-column12980_2997a4-b1 > .kt-inside-inner-col > *, .kadence-column12980_2997a4-b1 > .kt-inside-inner-col > figure.wp-block-image, .kadence-column12980_2997a4-b1 > .kt-inside-inner-col > figure.wp-block-kadence-image{margin-top:0px;margin-bottom:0px;}.kadence-column12980_2997a4-b1 > .kt-inside-inner-col > .kb-image-is-ratio-size{flex-grow:1;}}<\/style>\n<div class=\"wp-block-kadence-column kadence-column12980_2997a4-b1 kb-section-dir-horizontal inner-column-1\"><div class=\"kt-inside-inner-col\">\n<figure class=\"wp-block-image size-full\"><img loading=\"lazy\" decoding=\"async\" width=\"113\" height=\"115\" src=\"https:\/\/www.coloradolaw.net\/es\/wp-content\/uploads\/2022\/05\/logo-lawdragon.jpg\" alt=\"\" class=\"wp-image-12569\" title=\"\"><\/figure>\n<\/div><\/div>\n\n\n<style>.kadence-column12980_81f53c-27 > .kt-inside-inner-col{display:flex;}.kadence-column12980_81f53c-27 > .kt-inside-inner-col,.kadence-column12980_81f53c-27 > .kt-inside-inner-col:before{border-top-left-radius:0px;border-top-right-radius:0px;border-bottom-right-radius:0px;border-bottom-left-radius:0px;}.kadence-column12980_81f53c-27 > .kt-inside-inner-col{column-gap:var(--global-kb-gap-sm, 1rem);}.kadence-column12980_81f53c-27 > .kt-inside-inner-col{flex-direction:row;flex-wrap:wrap;align-items:center;justify-content:center;}.kadence-column12980_81f53c-27 > .kt-inside-inner-col > *, .kadence-column12980_81f53c-27 > .kt-inside-inner-col > figure.wp-block-image, .kadence-column12980_81f53c-27 > .kt-inside-inner-col > figure.wp-block-kadence-image{margin-top:0px;margin-bottom:0px;}.kadence-column12980_81f53c-27 > .kt-inside-inner-col > .kb-image-is-ratio-size{flex-grow:1;}.kt-row-column-wrap > .kadence-column12980_81f53c-27{align-self:center;}.kt-inner-column-height-full:not(.kt-has-1-columns) > .wp-block-kadence-column.kadence-column12980_81f53c-27{align-self:auto;}.kt-inner-column-height-full:not(.kt-has-1-columns) > .wp-block-kadence-column.kadence-column12980_81f53c-27 > .kt-inside-inner-col{align-items:center;}.kadence-column12980_81f53c-27 > .kt-inside-inner-col:before{opacity:0.3;}.kadence-column12980_81f53c-27{text-align:center;}.kadence-column12980_81f53c-27{position:relative;}@media all and (max-width: 1024px){.kt-row-column-wrap > .kadence-column12980_81f53c-27{align-self:center;}}@media all and (max-width: 1024px){.kt-inner-column-height-full:not(.kt-has-1-columns) > .wp-block-kadence-column.kadence-column12980_81f53c-27{align-self:auto;}}@media all and (max-width: 1024px){.kt-inner-column-height-full:not(.kt-has-1-columns) > .wp-block-kadence-column.kadence-column12980_81f53c-27 > .kt-inside-inner-col{align-items:center;}}@media all and (max-width: 1024px){.kadence-column12980_81f53c-27 > .kt-inside-inner-col{flex-direction:row;flex-wrap:wrap;align-items:center;justify-content:center;}}@media all and (min-width: 768px) and (max-width: 1024px){.kadence-column12980_81f53c-27 > .kt-inside-inner-col > *, .kadence-column12980_81f53c-27 > .kt-inside-inner-col > figure.wp-block-image, .kadence-column12980_81f53c-27 > .kt-inside-inner-col > figure.wp-block-kadence-image{margin-top:0px;margin-bottom:0px;}.kadence-column12980_81f53c-27 > .kt-inside-inner-col > .kb-image-is-ratio-size{flex-grow:1;}}@media all and (max-width: 767px){.kt-row-column-wrap > .kadence-column12980_81f53c-27{align-self:center;}.kt-inner-column-height-full:not(.kt-has-1-columns) > .wp-block-kadence-column.kadence-column12980_81f53c-27{align-self:auto;}.kt-inner-column-height-full:not(.kt-has-1-columns) > .wp-block-kadence-column.kadence-column12980_81f53c-27 > .kt-inside-inner-col{align-items:center;}.kadence-column12980_81f53c-27 > .kt-inside-inner-col{flex-direction:row;flex-wrap:wrap;justify-content:flex-start;justify-content:center;}.kadence-column12980_81f53c-27 > .kt-inside-inner-col > *, .kadence-column12980_81f53c-27 > .kt-inside-inner-col > figure.wp-block-image, .kadence-column12980_81f53c-27 > .kt-inside-inner-col > figure.wp-block-kadence-image{margin-top:0px;margin-bottom:0px;}.kadence-column12980_81f53c-27 > .kt-inside-inner-col > .kb-image-is-ratio-size{flex-grow:1;}}<\/style>\n<div class=\"wp-block-kadence-column kadence-column12980_81f53c-27 kb-section-dir-horizontal inner-column-2\"><div class=\"kt-inside-inner-col\">\n<figure class=\"wp-block-image size-full\"><img loading=\"lazy\" decoding=\"async\" width=\"175\" height=\"64\" src=\"https:\/\/www.coloradolaw.net\/es\/wp-content\/uploads\/2022\/05\/logo-superlawyers.gif\" alt=\"\" class=\"wp-image-12570\" title=\"\"><\/figure>\n<\/div><\/div>\n\n\n<style>.kadence-column12980_062eaf-27 > .kt-inside-inner-col{display:flex;}.kadence-column12980_062eaf-27 > .kt-inside-inner-col,.kadence-column12980_062eaf-27 > .kt-inside-inner-col:before{border-top-left-radius:0px;border-top-right-radius:0px;border-bottom-right-radius:0px;border-bottom-left-radius:0px;}.kadence-column12980_062eaf-27 > .kt-inside-inner-col{column-gap:var(--global-kb-gap-sm, 1rem);}.kadence-column12980_062eaf-27 > .kt-inside-inner-col{flex-direction:row;flex-wrap:wrap;align-items:center;justify-content:center;}.kadence-column12980_062eaf-27 > .kt-inside-inner-col > *, .kadence-column12980_062eaf-27 > .kt-inside-inner-col > figure.wp-block-image, .kadence-column12980_062eaf-27 > .kt-inside-inner-col > figure.wp-block-kadence-image{margin-top:0px;margin-bottom:0px;}.kadence-column12980_062eaf-27 > .kt-inside-inner-col > .kb-image-is-ratio-size{flex-grow:1;}.kt-row-column-wrap > .kadence-column12980_062eaf-27{align-self:center;}.kt-inner-column-height-full:not(.kt-has-1-columns) > .wp-block-kadence-column.kadence-column12980_062eaf-27{align-self:auto;}.kt-inner-column-height-full:not(.kt-has-1-columns) > .wp-block-kadence-column.kadence-column12980_062eaf-27 > .kt-inside-inner-col{align-items:center;}.kadence-column12980_062eaf-27 > .kt-inside-inner-col:before{opacity:0.3;}.kadence-column12980_062eaf-27{text-align:center;}.kadence-column12980_062eaf-27{position:relative;}@media all and (max-width: 1024px){.kt-row-column-wrap > .kadence-column12980_062eaf-27{align-self:center;}}@media all and (max-width: 1024px){.kt-inner-column-height-full:not(.kt-has-1-columns) > .wp-block-kadence-column.kadence-column12980_062eaf-27{align-self:auto;}}@media all and (max-width: 1024px){.kt-inner-column-height-full:not(.kt-has-1-columns) > .wp-block-kadence-column.kadence-column12980_062eaf-27 > .kt-inside-inner-col{align-items:center;}}@media all and (max-width: 1024px){.kadence-column12980_062eaf-27 > .kt-inside-inner-col{flex-direction:row;flex-wrap:wrap;align-items:center;justify-content:center;}}@media all and (min-width: 768px) and (max-width: 1024px){.kadence-column12980_062eaf-27 > .kt-inside-inner-col > *, .kadence-column12980_062eaf-27 > .kt-inside-inner-col > figure.wp-block-image, .kadence-column12980_062eaf-27 > .kt-inside-inner-col > figure.wp-block-kadence-image{margin-top:0px;margin-bottom:0px;}.kadence-column12980_062eaf-27 > .kt-inside-inner-col > .kb-image-is-ratio-size{flex-grow:1;}}@media all and (max-width: 767px){.kt-row-column-wrap > .kadence-column12980_062eaf-27{align-self:center;}.kt-inner-column-height-full:not(.kt-has-1-columns) > .wp-block-kadence-column.kadence-column12980_062eaf-27{align-self:auto;}.kt-inner-column-height-full:not(.kt-has-1-columns) > .wp-block-kadence-column.kadence-column12980_062eaf-27 > .kt-inside-inner-col{align-items:center;}.kadence-column12980_062eaf-27 > .kt-inside-inner-col{flex-direction:row;flex-wrap:wrap;justify-content:flex-start;justify-content:center;}.kadence-column12980_062eaf-27 > .kt-inside-inner-col > *, .kadence-column12980_062eaf-27 > .kt-inside-inner-col > figure.wp-block-image, .kadence-column12980_062eaf-27 > .kt-inside-inner-col > figure.wp-block-kadence-image{margin-top:0px;margin-bottom:0px;}.kadence-column12980_062eaf-27 > .kt-inside-inner-col > .kb-image-is-ratio-size{flex-grow:1;}}<\/style>\n<div class=\"wp-block-kadence-column kadence-column12980_062eaf-27 kb-section-dir-horizontal inner-column-3\"><div class=\"kt-inside-inner-col\">\n<figure class=\"wp-block-image size-full\"><img loading=\"lazy\" decoding=\"async\" width=\"195\" height=\"86\" src=\"https:\/\/www.coloradolaw.net\/es\/wp-content\/uploads\/2022\/05\/logo-lexisnexis.gif\" alt=\"\" class=\"wp-image-12571\" title=\"\"><\/figure>\n<\/div><\/div>\n\n<\/div><\/div>\n\n\n<h2 class=\"wp-block-heading\"><strong>10 RAZONES PARA ELEGIR BACHUS &amp; SCHANKER, LLC<\/strong><\/h2>\n\n\n\n<p>Cuando elija un bufete de abogados, por favor considere los beneficios de seleccionar Bachus &amp; Schanker, LLC:<\/p>\n\n\n\n<ul class=\"wp-block-list\">\n<li><strong>Experiencia:<\/strong> Desde 1997, nuestros abogados han representado a m\u00e1s de 10.000 personas.<\/li>\n\n\n\n<li><strong>Reputaci\u00f3n: <\/strong>Nombrados entre los \u201cMejores 500 abogados de lesiones personales en Norteam\u00e9rica\u201d de parte de LawDragon, \u201cS\u00faper abogados\u201d de Colorado por los a\u00f1os 2007, 2008, 2009, 2010, 2011, 2012, 2013, 2014, 2015 y 2016 y galardonados con la calificaci\u00f3n m\u00e1s alta por capacidad y \u00e9tica de parte de Martindale Hubbell, el servicio de calificaci\u00f3n de abogados m\u00e1s antiguo en Norteam\u00e9rica. El bufete es muy reconocido y respetado en toda la naci\u00f3n.<\/li>\n\n\n\n<li><strong>Liderazgo:<\/strong> Los socios de nuestro bufete han sido elegidos para servir como: Presidentes de la Asociaci\u00f3n de Abogados Litigantes de Colorado (CTLA), la Junta de Gobernadores de la Asociaci\u00f3n Americana de Justicia (AAJ) y la Junta de Directores de la CTLA.<\/li>\n\n\n\n<li><strong>Defensa del consumidor:<\/strong> Los socios de nuestro bufete trabajan de cerca con senadores y miembros representantes de las legislaturas estatales y federales para redactar y aprobar leyes importantes que protegen los derechos de las v\u00edctimas.<\/li>\n\n\n\n<li><strong>Compromiso social:<\/strong> El bufete cre\u00f3 la fundaci\u00f3n<a href=\"https:\/\/www.bachusschankercares.com\/\" target=\"_blank\" rel=\"noreferrer noopener nofollow\"> <em>Bachus &amp; Schanker, LLC Cares Foundation<\/em><\/a> y le ha dado m\u00e1s de $ 150.000 a caridades locales en solo los \u00faltimos cuatro (4) a\u00f1os. Los abogados y el personal del bufete contribuyen con su tiempo y experiencia y otros recursos en organizaciones ben\u00e9ficas a lo largo de todo Colorado.<\/li>\n\n\n\n<li><strong>Fortaleza<\/strong>: Nosotros fundamos Bachus &amp; Schanker, LLC para ayudar a nivelar el campo de juego. Nuestra meta es darle a usted y su familia los recursos disponibles a trav\u00e9s de nuestro bufete para enfrentar al poderoso proporcion\u00e1ndole acceso a servicios legales y un nivel de presentaci\u00f3n anteriormente disponible solo para las grandes corporaciones. Nosotros estamos comprometidos a usar nuestro conocimiento, innovaci\u00f3n y recursos para lograr la justicia.<\/li>\n\n\n\n<li><strong>Servicio<\/strong>: Nuestra meta es tratar a cada cliente potencial con dignidad, respeto y preocupaci\u00f3n. Muchos de nosotros hemos pasado por la misma situaci\u00f3n que usted, y entendemos c\u00f3mo un solo evento puede cambiar su vida. Estamos aqu\u00ed para ayudar.<\/li>\n\n\n\n<li><strong>Experiencia en juicios:<\/strong> Muchos bufetes anuncian que ellos pueden manejar casos como el suyo, pero solo unos pocos en realidad litigan casos y est\u00e1n dispuestos a ir a juicio cuando es necesario. Esta es la base de Bachus &amp; Schanker, LLC. Seleccionar un bufete es importante debido a que las compa\u00f1\u00edas de seguro saben que ellos har\u00e1n lo que es necesario para obtener la m\u00e1xima compensaci\u00f3n.<\/li>\n\n\n\n<li><strong>Conocimiento<\/strong>: Nosotros tenemos un entendimiento detallado y profundo sobre las leyes. Nuestros abogados de lesiones personales solo representan a v\u00edctimas de lesiones y otros que han sufrido p\u00e9rdidas financieras. Cuando contrata a Bachus &amp; Schanker, LLC, nunca tendr\u00e1 que preguntarse si su abogado est\u00e1 a la altura de la situaci\u00f3n.<\/li>\n\n\n\n<li><strong>Recursos<\/strong>: Llevar a cabo litigios complejos y dif\u00edciles puede requerir tanto recursos financieros como tecnol\u00f3gicos. Con 32 abogados y un personal total de m\u00e1s de 50 personas, Bachus &amp; Schanker, LLC ha invertido en tecnolog\u00edas e infraestructuras modernas para la preparaci\u00f3n de casos y juicios. Nosotros inclusive tenemos nuestras propias instalaciones de \u201cgrupo focal\u201d, \u201cjuzgado\u201d y \u201cjurado simulado\u201d. \u00bfPor qu\u00e9 contratar Bachus &amp; Schanker, LLC? El bufete est\u00e1 bien equipado para manejar hasta los casos m\u00e1s complejos contra oponentes con bolsillos grandes.<\/li>\n<\/ul>\n\n\n\n<p><\/p>\n<\/div><\/div>\n\n<\/div><\/div>","protected":false},"excerpt":{"rendered":"<p>10 Razones Para Elegir a Bachus &amp; Schanker Como Su Bufete de Abogados 1. EXPERIENCIA Desde 1997, nuestros abogados han representado a m\u00e1s de 2. REPUTACI\u00d3N Nombrados entre los \u201cMejores&#8230;<\/p>\n","protected":false},"author":1,"featured_media":12569,"parent":0,"menu_order":0,"comment_status":"closed","ping_status":"closed","template":"","meta":{"_acf_changed":false,"_kad_blocks_custom_css":"","_kad_blocks_head_custom_js":"<link rel=\"alternate\" href=\"https:\/\/www.coloradolaw.net\/es\/10-razones\/\" hreflang=\"es-us\" \/>\r\n<script type=\"application\/ld+json\">\r\n{\r\n  \"@context\": \"https:\/\/schema.org\",\r\n  \"@type\": \"ItemList\",\r\n  \"itemListElement\": [\r\n    \"Experiencia\",\r\n    \"Reputaci\u00f3n\",\r\n    \"Liderazgo\",\r\n    \"Defensa del consumidor\",\r\n    \"Compromiso social\",\r\n    \"Fortaleza\",\r\n    \"Servicio\",\r\n    \"Experiencia en juicios\",\r\n    \"Conocimiento\",\r\n    \"Recursos\"\r\n  ],\r\n  \"itemListOrder\": \"https:\/\/schema.org\/ItemListOrderDescending\",\r\n  \"name\": \"10 Razones Para Elegir Bachus & Schenker, LLC\"}\r\n\r\n<\/script>\r\n","_kad_blocks_body_custom_js":"","_kad_blocks_footer_custom_js":"","_kadence_starter_templates_imported_post":false,"_kad_post_transparent":"","_kad_post_title":"","_kad_post_layout":"right","_kad_post_sidebar_id":"sidebar-primary","_kad_post_content_style":"unboxed","_kad_post_vertical_padding":"hide","_kad_post_feature":"","_kad_post_feature_position":"","_kad_post_header":false,"_kad_post_footer":false,"_kad_post_classname":"","footnotes":""},"page-type":[],"class_list":["post-12980","page","type-page","status-publish","has-post-thumbnail","hentry"],"acf":[],"taxonomy_info":[],"featured_image_src_large":["https:\/\/www.coloradolaw.net\/es\/wp-content\/uploads\/sites\/3\/2022\/05\/logo-lawdragon.jpg",113,115,false],"author_info":{"display_name":"Bachus &amp; Schanker","author_link":"https:\/\/www.coloradolaw.net\/es\/author\/coloradola2dev\/"},"comment_info":0,"_links":{"self":[{"href":"https:\/\/www.coloradolaw.net\/es\/wp-json\/wp\/v2\/pages\/12980","targetHints":{"allow":["GET"]}}],"collection":[{"href":"https:\/\/www.coloradolaw.net\/es\/wp-json\/wp\/v2\/pages"}],"about":[{"href":"https:\/\/www.coloradolaw.net\/es\/wp-json\/wp\/v2\/types\/page"}],"author":[{"embeddable":true,"href":"https:\/\/www.coloradolaw.net\/es\/wp-json\/wp\/v2\/users\/1"}],"replies":[{"embeddable":true,"href":"https:\/\/www.coloradolaw.net\/es\/wp-json\/wp\/v2\/comments?post=12980"}],"version-history":[{"count":0,"href":"https:\/\/www.coloradolaw.net\/es\/wp-json\/wp\/v2\/pages\/12980\/revisions"}],"wp:featuredmedia":[{"embeddable":true,"href":"https:\/\/www.coloradolaw.net\/es\/wp-json\/wp\/v2\/media\/12569"}],"wp:attachment":[{"href":"https:\/\/www.coloradolaw.net\/es\/wp-json\/wp\/v2\/media?parent=12980"}],"wp:term":[{"taxonomy":"page-type","embeddable":true,"href":"https:\/\/www.coloradolaw.net\/es\/wp-json\/wp\/v2\/page-type?post=12980"}],"curies":[{"name":"wp","href":"https:\/\/api.w.org\/{rel}","templated":true}]}}